{"id":4886,"date":"2014-03-26T18:50:39","date_gmt":"2014-03-26T17:50:39","guid":{"rendered":"https:\/\/cross.unimi.it\/iniziative-speciali\/"},"modified":"2014-03-26T18:50:39","modified_gmt":"2014-03-26T17:50:39","slug":"iniziative-speciali","status":"publish","type":"page","link":"https:\/\/cross.unimi.it\/en\/iniziative-speciali\/","title":{"rendered":"Le iniziative speciali"},"content":{"rendered":"<p style=\"text-align: justify;\">Sono numerosissime le attivit\u00e0 promosse dal corso di Sociologia della criminalit\u00e0 organizzata. Tra queste vanno sicuramente inseriti i Laboratori, volti a costruire competenze e sensibilit\u00e0 speciali su temi d\u2019avanguardia.<br \/>\nSpicca in tal senso il <b>Laboratorio di Giornalismo antimafioso<\/b>, avviato nel 2011-2012 e che ha frequenza biennale. Esso ha formato diversi giovanissimi giornalisti, non solo provenienti da Scienze Politiche e ha gemmato dopo la prima edizione il sito giornalistico-scientifico studentesco <a href=\"http:\/\/www.stampoantimafioso.it\/\">www.stampoantimafioso.it<\/a>, ormai giunto a notoriet\u00e0 nazionale nell\u2019ambito dei movimenti antimafia.<br \/>\nSi segnala poi il <b>\u00a0Laboratorio interdisciplinare di comunicazione visiva<\/b> realizzato con la Nuova Accademia di Belle Arti di Milano negli anni 2011 e 2012, avente per tema la comunicazione del fenomeno mafioso e che ha generato sia materiale iconografico adottato, anche come logo, dal Comune di Milano per il Festival dei beni confiscati sia una mostra dedicata alle vittime della lotta alla mafia del 1982 e 1992.<br \/>\nSempre tra le iniziative speciali \u00e8 collocabile l\u2019esperienza della \u201c<b>Nave della legalit\u00e0<\/b>\u201d, ossia il viaggio via mare degli studenti del centronord verso Palermo in occasione dell\u2019anniversario della strage di Capaci 2013. In questa occasione \u00e8 stata ospitata per la prima volta una delegazione di studenti universitari (appunto quelli di Scienze Politiche di Milano) con funzioni di tutorship. L\u2019occasione \u00e8 stata utilizzata anche per attivit\u00e0 formative e di inchiesta sul campo.<br \/>\nInfine, tra le pi\u00f9 notevoli, va segnalata l\u2019attivit\u00e0 di collaborazione in corso con il <b>Piccolo Teatro<\/b> di Milano. Un gruppo di studenti sta conducendo un\u2019esperienza forse unica di pre-elaborazione di un testo sulla mafia sotto la guida del personale artistico del teatro e con la supervisione del docente, da cui nascer\u00e0 uno spettacolo teatrale che li vedr\u00e0 anche in scena.<\/p>\n","protected":false},"excerpt":{"rendered":"<p>Sono numerosissime le attivit\u00e0 promosse dal corso di Sociologia della criminalit\u00e0 organizzata. Tra queste vanno sicuramente inseriti i Laboratori, volti a costruire competenze e sensibilit\u00e0 speciali su temi d\u2019avanguardia. Spicca in tal senso il Laboratorio di Giornalismo antimafioso, avviato nel 2011-2012 e che ha frequenza biennale. Esso ha formato diversi giovanissimi giornalisti, non solo provenienti [&hellip;]<\/p>\n","protected":false},"author":1,"featured_media":0,"parent":0,"menu_order":0,"comment_status":"closed","ping_status":"open","template":"","meta":{"footnotes":""},"class_list":["post-4886","page","type-page","status-publish","hentry"],"acf":[],"yoast_head":"<!-- This site is optimized with the Yoast SEO plugin v27.3 - https:\/\/yoast.com\/product\/yoast-seo-wordpress\/ -->\n<title>Le iniziative speciali - CROSS<\/title>\n<meta name=\"robots\" content=\"index, follow, max-snippet:-1, max-image-preview:large, max-video-preview:-1\" \/>\n<link rel=\"canonical\" href=\"https:\/\/cross.unimi.it\/en\/iniziative-speciali\/\" \/>\n<meta property=\"og:locale\" content=\"en_US\" \/>\n<meta property=\"og:type\" content=\"article\" \/>\n<meta property=\"og:title\" content=\"Le iniziative speciali - CROSS\" \/>\n<meta property=\"og:description\" content=\"Sono numerosissime le attivit\u00e0 promosse dal corso di Sociologia della criminalit\u00e0 organizzata. Tra queste vanno sicuramente inseriti i Laboratori, volti a costruire competenze e sensibilit\u00e0 speciali su temi d\u2019avanguardia. Spicca in tal senso il Laboratorio di Giornalismo antimafioso, avviato nel 2011-2012 e che ha frequenza biennale. Esso ha formato diversi giovanissimi giornalisti, non solo provenienti [&hellip;]\" \/>\n<meta property=\"og:url\" content=\"https:\/\/cross.unimi.it\/en\/iniziative-speciali\/\" \/>\n<meta property=\"og:site_name\" content=\"CROSS\" \/>\n<meta property=\"article:publisher\" content=\"https:\/\/www.facebook.com\/crossunimi\/\" \/>\n<meta name=\"twitter:card\" content=\"summary_large_image\" \/>\n<meta name=\"twitter:site\" content=\"@crossunimi\" \/>\n<meta name=\"twitter:label1\" content=\"Est. reading time\" \/>\n\t<meta name=\"twitter:data1\" content=\"1 minute\" \/>\n<script type=\"application\/ld+json\" class=\"yoast-schema-graph\">{\"@context\":\"https:\\\/\\\/schema.org\",\"@graph\":[{\"@type\":\"WebPage\",\"@id\":\"https:\\\/\\\/cross.unimi.it\\\/en\\\/iniziative-speciali\\\/\",\"url\":\"https:\\\/\\\/cross.unimi.it\\\/en\\\/iniziative-speciali\\\/\",\"name\":\"Le iniziative speciali - CROSS\",\"isPartOf\":{\"@id\":\"https:\\\/\\\/cross.unimi.it\\\/en\\\/#website\"},\"datePublished\":\"2014-03-26T17:50:39+00:00\",\"breadcrumb\":{\"@id\":\"https:\\\/\\\/cross.unimi.it\\\/en\\\/iniziative-speciali\\\/#breadcrumb\"},\"inLanguage\":\"en-US\",\"potentialAction\":[{\"@type\":\"ReadAction\",\"target\":[\"https:\\\/\\\/cross.unimi.it\\\/en\\\/iniziative-speciali\\\/\"]}]},{\"@type\":\"BreadcrumbList\",\"@id\":\"https:\\\/\\\/cross.unimi.it\\\/en\\\/iniziative-speciali\\\/#breadcrumb\",\"itemListElement\":[{\"@type\":\"ListItem\",\"position\":1,\"name\":\"Home\",\"item\":\"https:\\\/\\\/cross.unimi.it\\\/en\\\/\"},{\"@type\":\"ListItem\",\"position\":2,\"name\":\"Le iniziative speciali\"}]},{\"@type\":\"WebSite\",\"@id\":\"https:\\\/\\\/cross.unimi.it\\\/en\\\/#website\",\"url\":\"https:\\\/\\\/cross.unimi.it\\\/en\\\/\",\"name\":\"CROSS\",\"description\":\"Osservatorio sulla criminalit\u00e0 organizzata\",\"publisher\":{\"@id\":\"https:\\\/\\\/cross.unimi.it\\\/en\\\/#organization\"},\"potentialAction\":[{\"@type\":\"SearchAction\",\"target\":{\"@type\":\"EntryPoint\",\"urlTemplate\":\"https:\\\/\\\/cross.unimi.it\\\/en\\\/?s={search_term_string}\"},\"query-input\":{\"@type\":\"PropertyValueSpecification\",\"valueRequired\":true,\"valueName\":\"search_term_string\"}}],\"inLanguage\":\"en-US\"},{\"@type\":\"Organization\",\"@id\":\"https:\\\/\\\/cross.unimi.it\\\/en\\\/#organization\",\"name\":\"Universit\u00e0 degli Studi di Milano, osservatorio sulla criminalit\u00e0 organizzata\",\"url\":\"https:\\\/\\\/cross.unimi.it\\\/en\\\/\",\"logo\":{\"@type\":\"ImageObject\",\"inLanguage\":\"en-US\",\"@id\":\"https:\\\/\\\/cross.unimi.it\\\/en\\\/#\\\/schema\\\/logo\\\/image\\\/\",\"url\":\"https:\\\/\\\/cross.unimi.it\\\/wp-content\\\/uploads\\\/2022\\\/04\\\/logo.jpg\",\"contentUrl\":\"https:\\\/\\\/cross.unimi.it\\\/wp-content\\\/uploads\\\/2022\\\/04\\\/logo.jpg\",\"width\":448,\"height\":320,\"caption\":\"Universit\u00e0 degli Studi di Milano, osservatorio sulla criminalit\u00e0 organizzata\"},\"image\":{\"@id\":\"https:\\\/\\\/cross.unimi.it\\\/en\\\/#\\\/schema\\\/logo\\\/image\\\/\"},\"sameAs\":[\"https:\\\/\\\/www.facebook.com\\\/crossunimi\\\/\",\"https:\\\/\\\/x.com\\\/crossunimi\"]}]}<\/script>\n<!-- \/ Yoast SEO plugin. -->","yoast_head_json":{"title":"Le iniziative speciali - CROSS","robots":{"index":"index","follow":"follow","max-snippet":"max-snippet:-1","max-image-preview":"max-image-preview:large","max-video-preview":"max-video-preview:-1"},"canonical":"https:\/\/cross.unimi.it\/en\/iniziative-speciali\/","og_locale":"en_US","og_type":"article","og_title":"Le iniziative speciali - CROSS","og_description":"Sono numerosissime le attivit\u00e0 promosse dal corso di Sociologia della criminalit\u00e0 organizzata. Tra queste vanno sicuramente inseriti i Laboratori, volti a costruire competenze e sensibilit\u00e0 speciali su temi d\u2019avanguardia. Spicca in tal senso il Laboratorio di Giornalismo antimafioso, avviato nel 2011-2012 e che ha frequenza biennale. Esso ha formato diversi giovanissimi giornalisti, non solo provenienti [&hellip;]","og_url":"https:\/\/cross.unimi.it\/en\/iniziative-speciali\/","og_site_name":"CROSS","article_publisher":"https:\/\/www.facebook.com\/crossunimi\/","twitter_card":"summary_large_image","twitter_site":"@crossunimi","twitter_misc":{"Est. reading time":"1 minute"},"schema":{"@context":"https:\/\/schema.org","@graph":[{"@type":"WebPage","@id":"https:\/\/cross.unimi.it\/en\/iniziative-speciali\/","url":"https:\/\/cross.unimi.it\/en\/iniziative-speciali\/","name":"Le iniziative speciali - CROSS","isPartOf":{"@id":"https:\/\/cross.unimi.it\/en\/#website"},"datePublished":"2014-03-26T17:50:39+00:00","breadcrumb":{"@id":"https:\/\/cross.unimi.it\/en\/iniziative-speciali\/#breadcrumb"},"inLanguage":"en-US","potentialAction":[{"@type":"ReadAction","target":["https:\/\/cross.unimi.it\/en\/iniziative-speciali\/"]}]},{"@type":"BreadcrumbList","@id":"https:\/\/cross.unimi.it\/en\/iniziative-speciali\/#breadcrumb","itemListElement":[{"@type":"ListItem","position":1,"name":"Home","item":"https:\/\/cross.unimi.it\/en\/"},{"@type":"ListItem","position":2,"name":"Le iniziative speciali"}]},{"@type":"WebSite","@id":"https:\/\/cross.unimi.it\/en\/#website","url":"https:\/\/cross.unimi.it\/en\/","name":"CROSS","description":"Osservatorio sulla criminalit\u00e0 organizzata","publisher":{"@id":"https:\/\/cross.unimi.it\/en\/#organization"},"potentialAction":[{"@type":"SearchAction","target":{"@type":"EntryPoint","urlTemplate":"https:\/\/cross.unimi.it\/en\/?s={search_term_string}"},"query-input":{"@type":"PropertyValueSpecification","valueRequired":true,"valueName":"search_term_string"}}],"inLanguage":"en-US"},{"@type":"Organization","@id":"https:\/\/cross.unimi.it\/en\/#organization","name":"Universit\u00e0 degli Studi di Milano, osservatorio sulla criminalit\u00e0 organizzata","url":"https:\/\/cross.unimi.it\/en\/","logo":{"@type":"ImageObject","inLanguage":"en-US","@id":"https:\/\/cross.unimi.it\/en\/#\/schema\/logo\/image\/","url":"https:\/\/cross.unimi.it\/wp-content\/uploads\/2022\/04\/logo.jpg","contentUrl":"https:\/\/cross.unimi.it\/wp-content\/uploads\/2022\/04\/logo.jpg","width":448,"height":320,"caption":"Universit\u00e0 degli Studi di Milano, osservatorio sulla criminalit\u00e0 organizzata"},"image":{"@id":"https:\/\/cross.unimi.it\/en\/#\/schema\/logo\/image\/"},"sameAs":["https:\/\/www.facebook.com\/crossunimi\/","https:\/\/x.com\/crossunimi"]}]}},"_links":{"self":[{"href":"https:\/\/cross.unimi.it\/en\/wp-json\/wp\/v2\/pages\/4886","targetHints":{"allow":["GET"]}}],"collection":[{"href":"https:\/\/cross.unimi.it\/en\/wp-json\/wp\/v2\/pages"}],"about":[{"href":"https:\/\/cross.unimi.it\/en\/wp-json\/wp\/v2\/types\/page"}],"author":[{"embeddable":true,"href":"https:\/\/cross.unimi.it\/en\/wp-json\/wp\/v2\/users\/1"}],"replies":[{"embeddable":true,"href":"https:\/\/cross.unimi.it\/en\/wp-json\/wp\/v2\/comments?post=4886"}],"version-history":[{"count":0,"href":"https:\/\/cross.unimi.it\/en\/wp-json\/wp\/v2\/pages\/4886\/revisions"}],"wp:attachment":[{"href":"https:\/\/cross.unimi.it\/en\/wp-json\/wp\/v2\/media?parent=4886"}],"curies":[{"name":"wp","href":"https:\/\/api.w.org\/{rel}","templated":true}]}}